{"id":142,"date":"2023-05-01T17:47:52","date_gmt":"2023-05-01T15:47:52","guid":{"rendered":"https:\/\/pspsurgery.codemeta.io\/?page_id=142"},"modified":"2023-08-30T10:32:57","modified_gmt":"2023-08-30T08:32:57","slug":"ueber-uns","status":"publish","type":"page","link":"https:\/\/parkside-plastische.de\/en\/ueber-uns\/","title":{"rendered":"\u00dcber Uns"},"content":{"rendered":"<div data-elementor-type=\"wp-page\" data-elementor-id=\"142\" class=\"elementor elementor-142\" data-elementor-post-type=\"page\">\n\t\t\t\t\t\t\t<div class=\"elementor-element elementor-element-3e18518 e-con-full e-flex e-con\" data-id=\"3e18518\" data-element_type=\"container\" data-settings=\"{&quot;background_background&quot;:&quot;classic&quot;,&quot;content_width&quot;:&quot;full&quot;}\" data-e-bg-lazyload>\n\t\t<div class=\"elementor-element elementor-element-0fea40d e-con-full e-flex e-con\" data-id=\"0fea40d\" data-element_type=\"container\" data-settings=\"{&quot;content_width&quot;:&quot;full&quot;}\">\n\t\t<div class=\"elementor-element elementor-element-cd95ede e-flex e-con-boxed e-con\" data-id=\"cd95ede\" data-element_type=\"container\" data-settings=\"{&quot;content_width&quot;:&quot;boxed&quot;}\">\n\t\t\t\t\t<div class=\"e-con-inner\">\n\t\t\t\t<div class=\"elementor-element elementor-element-0bf8a39 elementor-widget elementor-widget-heading\" data-id=\"0bf8a39\" data-element_type=\"widget\" data-widget_type=\"heading.default\">\n\t\t\t\t<div class=\"elementor-widget-container\">\n\t\t\t<style>\/*! elementor - v3.15.0 - 20-08-2023 *\/\n.elementor-heading-title{padding:0;margin:0;line-height:1}.elementor-widget-heading .elementor-heading-title[class*=elementor-size-]>a{color:inherit;font-size:inherit;line-height:inherit}.elementor-widget-heading .elementor-heading-title.elementor-size-small{font-size:15px}.elementor-widget-heading .elementor-heading-title.elementor-size-medium{font-size:19px}.elementor-widget-heading .elementor-heading-title.elementor-size-large{font-size:29px}.elementor-widget-heading .elementor-heading-title.elementor-size-xl{font-size:39px}.elementor-widget-heading .elementor-heading-title.elementor-size-xxl{font-size:59px}<\/style><div class=\"elementor-heading-title elementor-size-default\">H\u00f6chs\u00adter Pati\u00aden\u00adten\u00adkom\u00adfort und \u2013sicher\u00adheit<\/div>\t\t<\/div>\n\t\t\t\t<\/div>\n\t\t\t\t<div class=\"elementor-element elementor-element-9453d8a elementor-widget elementor-widget-heading\" data-id=\"9453d8a\" data-element_type=\"widget\" data-widget_type=\"heading.default\">\n\t\t\t\t<div class=\"elementor-widget-container\">\n\t\t\t<h1 class=\"elementor-heading-title elementor-size-default\">\u00dcber unsere Klinik<\/h1>\t\t<\/div>\n\t\t\t\t<\/div>\n\t\t\t\t\t<\/div>\n\t\t\t\t<\/div>\n\t\t\t\t<\/div>\n\t\t\t\t<\/div>\n\t\t<div class=\"elementor-element elementor-element-5970e32 e-flex e-con-boxed e-con\" data-id=\"5970e32\" data-element_type=\"container\" data-settings=\"{&quot;background_background&quot;:&quot;classic&quot;,&quot;content_width&quot;:&quot;boxed&quot;}\">\n\t\t\t\t\t<div class=\"e-con-inner\">\n\t\t<div class=\"elementor-element elementor-element-c2770cd e-con-full e-flex e-con\" data-id=\"c2770cd\" data-element_type=\"container\" data-settings=\"{&quot;content_width&quot;:&quot;full&quot;}\">\n\t\t\t\t<div class=\"elementor-element elementor-element-a83e42d elementor-widget elementor-widget-image\" data-id=\"a83e42d\" data-element_type=\"widget\" data-widget_type=\"image.default\">\n\t\t\t\t<div class=\"elementor-widget-container\">\n\t\t\t<style>\/*! elementor - v3.15.0 - 20-08-2023 *\/\n.elementor-widget-image{text-align:center}.elementor-widget-image a{display:inline-block}.elementor-widget-image a img[src$=\".svg\"]{width:48px}.elementor-widget-image img{vertical-align:middle;display:inline-block}<\/style>\t\t\t\t\t\t\t\t\t\t\t\t<img loading=\"lazy\" decoding=\"async\" width=\"422\" height=\"600\" src=\"https:\/\/parkside-plastische.de\/wp-content\/uploads\/2023\/06\/02_about_us-09-1.jpg\" class=\"attachment-large size-large wp-image-212\" alt srcset=\"https:\/\/parkside-plastische.de\/wp-content\/uploads\/2023\/06\/02_about_us-09-1.jpg 422w, https:\/\/parkside-plastische.de\/wp-content\/uploads\/2023\/06\/02_about_us-09-1-211x300.jpg 211w\" sizes=\"auto, (max-width: 422px) 100vw, 422px\">\t\t\t\t\t\t\t\t\t\t\t\t\t\t\t<\/div>\n\t\t\t\t<\/div>\n\t\t\t\t<\/div>\n\t\t<div class=\"elementor-element elementor-element-0e54f12 e-con-full e-flex e-con\" data-id=\"0e54f12\" data-element_type=\"container\" data-settings=\"{&quot;content_width&quot;:&quot;full&quot;}\">\n\t\t\t\t<div class=\"elementor-element elementor-element-00e182f elementor-widget elementor-widget-heading\" data-id=\"00e182f\" data-element_type=\"widget\" data-widget_type=\"heading.default\">\n\t\t\t\t<div class=\"elementor-widget-container\">\n\t\t\t<h2 class=\"elementor-heading-title elementor-size-default\">Umfassender Service unter\neinem Dach \u2013 Ihre Privatklinik\nin Wiesbaden<\/h2>\t\t<\/div>\n\t\t\t\t<\/div>\n\t\t\t\t<div class=\"elementor-element elementor-element-b3a279d elementor-widget elementor-widget-text-editor\" data-id=\"b3a279d\" data-element_type=\"widget\" data-widget_type=\"text-editor.default\">\n\t\t\t\t<div class=\"elementor-widget-container\">\n\t\t\t<style>\/*! elementor - v3.15.0 - 20-08-2023 *\/\n.elementor-widget-text-editor.elementor-drop-cap-view-stacked .elementor-drop-cap{background-color:#69727d;color:#fff}.elementor-widget-text-editor.elementor-drop-cap-view-framed .elementor-drop-cap{color:#69727d;border:3px solid;background-color:transparent}.elementor-widget-text-editor:not(.elementor-drop-cap-view-default) .elementor-drop-cap{margin-top:8px}.elementor-widget-text-editor:not(.elementor-drop-cap-view-default) .elementor-drop-cap-letter{width:1em;height:1em}.elementor-widget-text-editor .elementor-drop-cap{float:left;text-align:center;line-height:1;font-size:50px}.elementor-widget-text-editor .elementor-drop-cap-letter{display:inline-block}<\/style>\t\t\t\t<p>Die Kli\u00adnik am Son\u00adnen\u00adberg ist eine Pri\u00advat\u00adkli\u00adnik f\u00fcr Plas\u00adti\u00adsche Chir\u00adur\u00adgie in Wies\u00adba\u00adden mit lan\u00adger Tra\u00addi\u00adti\u00adon, die bis zu den Urspr\u00fcn\u00adgen der plas\u00adtisch-\u00e4sthe\u00adti\u00adschen Chir\u00adur\u00adgie in Deutsch\u00adland zur\u00fcck\u00adreicht. Dabei reicht das Behand\u00adlungs\u00adspek\u00adtrum deut\u00adlich \u00fcber das einer rei\u00adnen \u201eSch\u00f6n\u00adheits\u00adkli\u00adnik\u201c hin\u00adaus. Neben der Plas\u00adti\u00adschen Chir\u00adur\u00adgie sind an der Kli\u00adnik am Son\u00adnen\u00adberg die Fach\u00adge\u00adbie\u00adte der An\u00e4s\u00adthe\u00adsie, Der\u00adma\u00adto\u00adlo\u00adgie, Inne\u00adren Medi\u00adzin und Nephrolo\u00adgie ver\u00adtre\u00adten.<br><br>Die Kli\u00adnik am Son\u00adnen\u00adberg befin\u00addet sich in zen\u00adtra\u00adler Lage in Wies\u00adba\u00adden in der N\u00e4he des Kur\u00adparks und ist sowohl mit dem Auto, als auch mit \u00f6ffent\u00adli\u00adchen Ver\u00adkehrs\u00admit\u00adteln leicht zu errei\u00adchen. F\u00fcr Pati\u00aden\u00adten ste\u00adhen auf dem Kli\u00adnik\u00adge\u00adl\u00e4n\u00adde kos\u00adten\u00adfreie Park\u00adpl\u00e4t\u00adze zur Ver\u00adf\u00fc\u00adgung. F\u00fcr unse\u00adre inter\u00adna\u00adtio\u00adna\u00adlen Pati\u00aden\u00adten, z.B. aus der Schweiz, ist die Anrei\u00adse durch die N\u00e4he zum Frank\u00adfur\u00adter Flug\u00adha\u00adfen eben\u00adfalls unkom\u00adpli\u00adziert.<br><br>Die Pra\u00adxis\u00adr\u00e4um\u00adlich\u00adkei\u00adten von PARKS\u00adIDE | Plas\u00adti\u00adsche Chir\u00adur\u00adgie sind in die Kli\u00adnik am Son\u00adnen\u00adberg inte\u00adgriert. Dort fin\u00adden auch die ope\u00adra\u00adti\u00adven Ein\u00adgrif\u00adfe in einem OP-Trakt mit h\u00f6chs\u00adter Luft\u00adrein\u00adheit f\u00fcr hoch\u00ada\u00adsep\u00adti\u00adsche Ein\u00adgrif\u00adfe, wie z. B. Implan\u00adtat\u00adchir\u00adur\u00adgie, statt. Meh\u00adre\u00adre Ein\u00adzel\u00adzim\u00admer bie\u00adten die M\u00f6g\u00adlich\u00adkeit zur sta\u00adtio\u00adn\u00e4\u00adren Behand\u00adlung. Die zen\u00adtra\u00adle Lage aller Orga\u00adni\u00adsa\u00adti\u00adons\u00adein\u00adhei\u00adten an einem Stand\u00adort sorgt daf\u00fcr, dass Ihre Behand\u00adlung vom ers\u00adten Bera\u00adtungs\u00adter\u00admin \u00fcber die Ope\u00adra\u00adti\u00adon bis zur Nach\u00adsor\u00adge stets in ver\u00adtrau\u00adter Umge\u00adbung mit kur\u00adzen Wegen statt\u00adfin\u00addet und Ihr Behand\u00adlungs\u00adteam f\u00fcr eine opti\u00adma\u00adle Betreu\u00adung bei Ihrem sta\u00adtio\u00adn\u00e4\u00adren Auf\u00adent\u00adhalt vor Ort zur Ver\u00adf\u00fc\u00adgung steht.<\/p>\t\t\t\t\t\t<\/div>\n\t\t\t\t<\/div>\n\t\t\t\t<div class=\"elementor-element elementor-element-0f155df elementor-align-left elementor-widget elementor-widget-button\" data-id=\"0f155df\" data-element_type=\"widget\" data-widget_type=\"button.default\">\n\t\t\t\t<div class=\"elementor-widget-container\">\n\t\t\t\t\t<div class=\"elementor-button-wrapper\">\n\t\t\t<a class=\"elementor-button elementor-button-link elementor-size-sm\" href=\"#\">\n\t\t\t\t\t\t<span class=\"elementor-button-content-wrapper\">\n\t\t\t\t\t\t<span class=\"elementor-button-icon elementor-align-icon-right\">\n\t\t\t\t<i aria-hidden=\"true\" class=\"fas fa-long-arrow-alt-right\"><\/i>\t\t\t<\/span>\n\t\t\t\t\t\t<span class=\"elementor-button-text\">MEHR ERFAH\u00adREN<\/span>\n\t\t<\/span>\n\t\t\t\t\t<\/a>\n\t\t<\/div>\n\t\t\t\t<\/div>\n\t\t\t\t<\/div>\n\t\t\t\t<\/div>\n\t\t\t\t\t<\/div>\n\t\t\t\t<\/div>\n\t\t<div class=\"elementor-element elementor-element-625107f e-flex e-con-boxed e-con\" data-id=\"625107f\" data-element_type=\"container\" data-settings=\"{&quot;background_background&quot;:&quot;classic&quot;,&quot;content_width&quot;:&quot;boxed&quot;}\" data-e-bg-lazyload>\n\t\t\t\t\t<div class=\"e-con-inner\">\n\t\t<div class=\"elementor-element elementor-element-be39f7a e-con-full e-flex e-con\" data-id=\"be39f7a\" data-element_type=\"container\" data-settings=\"{&quot;content_width&quot;:&quot;full&quot;}\">\n\t\t\t\t<div class=\"elementor-element elementor-element-fc58907 elementor-widget elementor-widget-heading\" data-id=\"fc58907\" data-element_type=\"widget\" data-widget_type=\"heading.default\">\n\t\t\t\t<div class=\"elementor-widget-container\">\n\t\t\t<h2 class=\"elementor-heading-title elementor-size-default\">Station\u00e4rer Aufenthalt<\/h2>\t\t<\/div>\n\t\t\t\t<\/div>\n\t\t\t\t<div class=\"elementor-element elementor-element-f59699f elementor-widget elementor-widget-text-editor\" data-id=\"f59699f\" data-element_type=\"widget\" data-widget_type=\"text-editor.default\">\n\t\t\t\t<div class=\"elementor-widget-container\">\n\t\t\t\t\t\t\t<p>Die Inte\u00adgra\u00adti\u00adon von PARKS\u00adIDE | Plas\u00adti\u00adsche Chir\u00adur\u00adgie in die Kli\u00adnik\u00adin\u00adfra\u00adstruk\u00adtur der Kli\u00adnik am Son\u00adnen\u00adberg bie\u00adtet die M\u00f6g\u00adlich\u00adkeit zur sta\u00adtio\u00adn\u00e4\u00adren Behand\u00adlung am glei\u00adchen Ort. Je nach Art des Ein\u00adgrif\u00adfes und Ihrem Risi\u00adko\u00adpro\u00adfil wird der Auf\u00adent\u00adhalt in der Kli\u00adnik am Son\u00adnen\u00adberg indi\u00advi\u00addu\u00adell nach Ihren Bed\u00fcrf\u00adnis\u00adsen geplant. Auch bei Ein\u00adgrif\u00adfen, die grund\u00ads\u00e4tz\u00adlich ambu\u00adlant durch\u00adge\u00adf\u00fchrt wer\u00adden k\u00f6nn\u00adten, ist es z. B. bei wei\u00adte\u00adrer Anfahrt oder Anrei\u00adse aus dem Aus\u00adland m\u00f6g\u00adlich, einen sta\u00adtio\u00adn\u00e4\u00adren Auf\u00adent\u00adhalt zu arran\u00adgie\u00adren. In der Kli\u00adnik am Son\u00adnen\u00adberg sind Sie in Ein\u00adzel\u00adzim\u00admern mit Blick \u00fcber die Stadt Wies\u00adba\u00adden unter\u00adge\u00adbracht.<br>Kur\u00adze Wege in ver\u00adtrau\u00adter Umge\u00adbung, kom\u00adpe\u00adten\u00adte peri\u00adope\u00adra\u00adti\u00adve Betreu\u00adung und die Pr\u00e4\u00adsenz des Behand\u00adlungs\u00adteams tra\u00adgen w\u00e4h\u00adrend Ihres sta\u00adtio\u00adn\u00e4\u00adren Auf\u00adent\u00adhal\u00adtes zu Kom\u00adfort und Pati\u00aden\u00adten\u00adsi\u00adcher\u00adheit bei.<\/p>\t\t\t\t\t\t<\/div>\n\t\t\t\t<\/div>\n\t\t\t\t<\/div>\n\t\t<div class=\"elementor-element elementor-element-72b87f0 e-con-full elementor-hidden-tablet elementor-hidden-mobile e-flex e-con\" data-id=\"72b87f0\" data-element_type=\"container\" data-settings=\"{&quot;content_width&quot;:&quot;full&quot;}\">\n\t\t\t\t<div class=\"elementor-element elementor-element-4242904 elementor-widget__width-auto elementor-absolute elementor-widget elementor-widget-image\" data-id=\"4242904\" data-element_type=\"widget\" data-settings=\"{&quot;_position&quot;:&quot;absolute&quot;}\" data-widget_type=\"image.default\">\n\t\t\t\t<div class=\"elementor-widget-container\">\n\t\t\t\t\t\t\t\t\t\t\t\t\t\t\t<img loading=\"lazy\" decoding=\"async\" width=\"763\" height=\"682\" src=\"https:\/\/parkside-plastische.de\/wp-content\/uploads\/2023\/06\/02_about_us-07-1.jpg\" class=\"attachment-large size-large wp-image-211\" alt srcset=\"https:\/\/parkside-plastische.de\/wp-content\/uploads\/2023\/06\/02_about_us-07-1.jpg 763w, https:\/\/parkside-plastische.de\/wp-content\/uploads\/2023\/06\/02_about_us-07-1-300x268.jpg 300w\" sizes=\"auto, (max-width: 763px) 100vw, 763px\">\t\t\t\t\t\t\t\t\t\t\t\t\t\t\t<\/div>\n\t\t\t\t<\/div>\n\t\t\t\t<\/div>\n\t\t\t\t\t<\/div>\n\t\t\t\t<\/div>\n\t\t<div class=\"elementor-element elementor-element-c838158 e-flex e-con-boxed e-con\" data-id=\"c838158\" data-element_type=\"container\" data-settings=\"{&quot;background_background&quot;:&quot;classic&quot;,&quot;content_width&quot;:&quot;boxed&quot;}\">\n\t\t\t\t\t<div class=\"e-con-inner\">\n\t\t<div class=\"elementor-element elementor-element-afe421d e-con-full e-flex e-con\" data-id=\"afe421d\" data-element_type=\"container\" data-settings=\"{&quot;content_width&quot;:&quot;full&quot;}\">\n\t\t\t\t<div class=\"elementor-element elementor-element-3946feb elementor-widget elementor-widget-image\" data-id=\"3946feb\" data-element_type=\"widget\" data-widget_type=\"image.default\">\n\t\t\t\t<div class=\"elementor-widget-container\">\n\t\t\t\t\t\t\t\t\t\t\t\t\t\t\t<img loading=\"lazy\" decoding=\"async\" width=\"436\" height=\"620\" src=\"https:\/\/parkside-plastische.de\/wp-content\/uploads\/2023\/06\/02_about_us-05-1.jpg\" class=\"attachment-large size-large wp-image-210\" alt srcset=\"https:\/\/parkside-plastische.de\/wp-content\/uploads\/2023\/06\/02_about_us-05-1.jpg 436w, https:\/\/parkside-plastische.de\/wp-content\/uploads\/2023\/06\/02_about_us-05-1-211x300.jpg 211w\" sizes=\"auto, (max-width: 436px) 100vw, 436px\">\t\t\t\t\t\t\t\t\t\t\t\t\t\t\t<\/div>\n\t\t\t\t<\/div>\n\t\t\t\t<\/div>\n\t\t<div class=\"elementor-element elementor-element-02caa32 e-con-full e-flex e-con\" data-id=\"02caa32\" data-element_type=\"container\" data-settings=\"{&quot;content_width&quot;:&quot;full&quot;}\">\n\t\t\t\t<div class=\"elementor-element elementor-element-55bb8ed elementor-widget elementor-widget-heading\" data-id=\"55bb8ed\" data-element_type=\"widget\" data-widget_type=\"heading.default\">\n\t\t\t\t<div class=\"elementor-widget-container\">\n\t\t\t<h2 class=\"elementor-heading-title elementor-size-default\">Perioperative Medizin<\/h2>\t\t<\/div>\n\t\t\t\t<\/div>\n\t\t\t\t<div class=\"elementor-element elementor-element-76f0184 elementor-widget elementor-widget-text-editor\" data-id=\"76f0184\" data-element_type=\"widget\" data-widget_type=\"text-editor.default\">\n\t\t\t\t<div class=\"elementor-widget-container\">\n\t\t\t\t\t\t\t<p>F\u00fcr einen best\u00adm\u00f6g\u00adli\u00adchen Behand\u00adlungs\u00ader\u00adfolg spielt neben der Ope\u00adra\u00adti\u00adon selbst die Behand\u00adlung vor und nach dem Ein\u00adgriff (=peri\u00adope\u00adra\u00adtiv) eine wich\u00adti\u00adge Rol\u00adle. An der Kli\u00adnik am Son\u00adnen\u00adberg fin\u00adden Sie Spe\u00adzia\u00adlis\u00adten der peri\u00adope\u00adra\u00adti\u00adven Medi\u00adzin aus den Fach\u00adge\u00adbie\u00adten der Chir\u00adur\u00adgie, An\u00e4s\u00adthe\u00adsie und Inne\u00adren Medi\u00adzin unter einem Dach. Die peri\u00adope\u00adra\u00adti\u00adve Medi\u00adzin bie\u00adtet Ihnen die M\u00f6g\u00adlich\u00adkeit zur pr\u00e4\u00adope\u00adra\u00adti\u00adven Dia\u00adgnos\u00adtik und Risi\u00adko\u00adein\u00adsch\u00e4t\u00adzung vor der Ope\u00adra\u00adti\u00adon unter Ber\u00fcck\u00adsich\u00adti\u00adgung etwa\u00adiger Begleit- und Grund\u00ader\u00adkran\u00adkun\u00adgen, um Sie opti\u00admal auf Ihren Ein\u00adgriff vor\u00adzu\u00adbe\u00adrei\u00adten. Dabei k\u00f6n\u00adnen Unter\u00adsu\u00adchun\u00adgen zur wei\u00adte\u00adren Abkl\u00e4\u00adrung durch\u00adge\u00adf\u00fchrt bzw. ver\u00adan\u00adlasst wer\u00adden und die regel\u00adm\u00e4\u00ad\u00dfi\u00adge Medi\u00adka\u00admen\u00adten\u00adein\u00adnah\u00adme falls erfor\u00adder\u00adlich ange\u00adpasst wer\u00adden.<br>Durch das glei\u00adche erfah\u00adre\u00adne Behand\u00adlungs\u00adteam wer\u00adden Sie auch nach der Ope\u00adra\u00adti\u00adon w\u00e4h\u00adrend Ihres sta\u00adtio\u00adn\u00e4\u00adren Auf\u00adent\u00adhal\u00adtes medi\u00adzi\u00adnisch betreut. Die peri\u00adope\u00adra\u00adti\u00adve Medi\u00adzin an der Kli\u00adnik am Son\u00adnen\u00adberg bie\u00adtet Ihnen somit eine kom\u00adpe\u00adten\u00adte medi\u00adzi\u00adni\u00adsche Betreu\u00adung rund um Ihren Ein\u00adgriff, um Ihren Auf\u00adent\u00adhalt kom\u00adfor\u00adta\u00adbel und mit gr\u00f6\u00dft\u00adm\u00f6g\u00adli\u00adcher Pati\u00aden\u00adten\u00adsi\u00adcher\u00adheit zu gestal\u00adten.<\/p>\t\t\t\t\t\t<\/div>\n\t\t\t\t<\/div>\n\t\t\t\t<\/div>\n\t\t\t\t\t<\/div>\n\t\t\t\t<\/div>\n\t\t\t\t\t\t\t<\/div>","protected":false},"excerpt":{"rendered":"<p>H\u00f6chs\u00adter Pati\u00aden\u00adten\u00adkom\u00adfort und \u2013sicher\u00adheit \u00dcber unse\u00adre Kli\u00adnik Umfas\u00adsen\u00adder Ser\u00advice unter einem Dach \u2013 Ihre Pri\u00advat\u00adkli\u00adnik in Wies\u00adba\u00adden Die Kli\u00adnik am Son\u00adnen\u00adberg ist eine Pri\u00advat\u00adkli\u00adnik f\u00fcr Plas\u00adti\u00adsche Chir\u00adur\u00adgie in Wies\u00adba\u00adden mit lan\u00adger Tra\u00addi\u00adti\u00adon, die bis zu den Urspr\u00fcn\u00adgen der plas\u00adtisch-\u00e4sthe\u00adti\u00adschen Chir\u00adur\u00adgie in Deutsch\u00adland zur\u00fcck\u00adreicht. Dabei reicht das Behand\u00adlungs\u00adspek\u00adtrum deut\u00adlich \u00fcber das einer rei\u00adnen \u201eSch\u00f6n\u00adheits\u00adkli\u00adnik\u201c hin\u00adaus. Neben \u2026 <a title=\"\u00dcber Uns\" class=\"read-more\" href=\"https:\/\/parkside-plastische.de\/en\/ueber-uns\/\" aria-label=\"More on \u00dcber Uns\">Read more<\/a><\/p>","protected":false},"author":1,"featured_media":0,"parent":0,"menu_order":0,"comment_status":"closed","ping_status":"closed","template":"elementor_header_footer","meta":{"wp_typography_post_enhancements_disabled":false,"_monsterinsights_skip_tracking":false,"_monsterinsights_sitenote_active":false,"_monsterinsights_sitenote_note":"","_monsterinsights_sitenote_category":0,"footnotes":""},"class_list":["post-142","page","type-page","status-publish"],"acf":[],"yoast_head":"<!-- This site is optimized with the Yoast SEO plugin v21.0 - https:\/\/yoast.com\/wordpress\/plugins\/seo\/ -->\n<title>\u00dcber PARKSIDE | Plastische Chirurgie<\/title>\n<meta name=\"description\" content=\"Die Klinik am Sonnenberg ist eine Privatklinik f\u00fcr Plastische Chirurgie in Wiesbaden mit langer Tradition, die bis zu den Urspr\u00fcngen der plastisch-\u00e4sthetischen Chirurgie in Deutschland zur\u00fcckreicht.\" \/>\n<meta name=\"robots\" content=\"index, follow, max-snippet:-1, max-image-preview:large, max-video-preview:-1\" \/>\n<link rel=\"canonical\" href=\"https:\/\/parkside-plastische.de\/en\/ueber-uns\/\" \/>\n<meta property=\"og:locale\" content=\"en_GB\" \/>\n<meta property=\"og:type\" content=\"article\" \/>\n<meta property=\"og:title\" content=\"\u00dcber PARKSIDE | Plastische Chirurgie\" \/>\n<meta property=\"og:description\" content=\"Die Klinik am Sonnenberg ist eine Privatklinik f\u00fcr Plastische Chirurgie in Wiesbaden mit langer Tradition, die bis zu den Urspr\u00fcngen der plastisch-\u00e4sthetischen Chirurgie in Deutschland zur\u00fcckreicht.\" \/>\n<meta property=\"og:url\" content=\"https:\/\/parkside-plastische.de\/en\/ueber-uns\/\" \/>\n<meta property=\"og:site_name\" content=\"Parkside Platic Surgery\" \/>\n<meta property=\"article:modified_time\" content=\"2023-08-30T08:32:57+00:00\" \/>\n<meta property=\"og:image\" content=\"https:\/\/pspsurgery.codemeta.io\/wp-content\/uploads\/2023\/06\/02_about_us-09-1.jpg\" \/>\n<meta name=\"twitter:card\" content=\"summary_large_image\" \/>\n<meta name=\"twitter:label1\" content=\"Estimated reading time\" \/>\n\t<meta name=\"twitter:data1\" content=\"4 minutes\" \/>\n<script type=\"application\/ld+json\" class=\"yoast-schema-graph\">{\"@context\":\"https:\/\/schema.org\",\"@graph\":[{\"@type\":\"WebPage\",\"@id\":\"https:\/\/parkside-plastische.de\/ueber-uns\/\",\"url\":\"https:\/\/parkside-plastische.de\/ueber-uns\/\",\"name\":\"\u00dcber PARKSIDE | Plastische Chirurgie\",\"isPartOf\":{\"@id\":\"https:\/\/parkside-plastische.de\/#website\"},\"datePublished\":\"2023-05-01T15:47:52+00:00\",\"dateModified\":\"2023-08-30T08:32:57+00:00\",\"description\":\"Die Klinik am Sonnenberg ist eine Privatklinik f\u00fcr Plastische Chirurgie in Wiesbaden mit langer Tradition, die bis zu den Urspr\u00fcngen der plastisch-\u00e4sthetischen Chirurgie in Deutschland zur\u00fcckreicht.\",\"breadcrumb\":{\"@id\":\"https:\/\/parkside-plastische.de\/ueber-uns\/#breadcrumb\"},\"inLanguage\":\"en-GB\",\"potentialAction\":[{\"@type\":\"ReadAction\",\"target\":[\"https:\/\/parkside-plastische.de\/ueber-uns\/\"]}]},{\"@type\":\"BreadcrumbList\",\"@id\":\"https:\/\/parkside-plastische.de\/ueber-uns\/#breadcrumb\",\"itemListElement\":[{\"@type\":\"ListItem\",\"position\":1,\"name\":\"Startseite\",\"item\":\"https:\/\/parkside-plastische.de\/\"},{\"@type\":\"ListItem\",\"position\":2,\"name\":\"\u00dcber Uns\"}]},{\"@type\":\"WebSite\",\"@id\":\"https:\/\/parkside-plastische.de\/#website\",\"url\":\"https:\/\/parkside-plastische.de\/\",\"name\":\"PARKSIDE | Plastische Chirurgie\",\"description\":\"\",\"publisher\":{\"@id\":\"https:\/\/parkside-plastische.de\/#organization\"},\"alternateName\":\"PARKSIDE\",\"potentialAction\":[{\"@type\":\"SearchAction\",\"target\":{\"@type\":\"EntryPoint\",\"urlTemplate\":\"https:\/\/parkside-plastische.de\/?s={search_term_string}\"},\"query-input\":\"required name=search_term_string\"}],\"inLanguage\":\"en-GB\"},{\"@type\":\"Organization\",\"@id\":\"https:\/\/parkside-plastische.de\/#organization\",\"name\":\"PARKSIDE | Plastische Chirurgie\",\"url\":\"https:\/\/parkside-plastische.de\/\",\"logo\":{\"@type\":\"ImageObject\",\"inLanguage\":\"en-GB\",\"@id\":\"https:\/\/parkside-plastische.de\/#\/schema\/logo\/image\/\",\"url\":\"https:\/\/parkside-plastische.de\/wp-content\/uploads\/2023\/05\/cropped-iconlogo.png\",\"contentUrl\":\"https:\/\/parkside-plastische.de\/wp-content\/uploads\/2023\/05\/cropped-iconlogo.png\",\"width\":512,\"height\":512,\"caption\":\"PARKSIDE | Plastische Chirurgie\"},\"image\":{\"@id\":\"https:\/\/parkside-plastische.de\/#\/schema\/logo\/image\/\"}}]}<\/script>\n<!-- \/ Yoast SEO plugin. -->","yoast_head_json":{"title":"\u00dcber PARKSIDE | Plastische Chirurgie","description":"Die Klinik am Sonnenberg ist eine Privatklinik f\u00fcr Plastische Chirurgie in Wiesbaden mit langer Tradition, die bis zu den Urspr\u00fcngen der plastisch-\u00e4sthetischen Chirurgie in Deutschland zur\u00fcckreicht.","robots":{"index":"index","follow":"follow","max-snippet":"max-snippet:-1","max-image-preview":"max-image-preview:large","max-video-preview":"max-video-preview:-1"},"canonical":"https:\/\/parkside-plastische.de\/en\/ueber-uns\/","og_locale":"en_GB","og_type":"article","og_title":"\u00dcber PARKSIDE | Plastische Chirurgie","og_description":"Die Klinik am Sonnenberg ist eine Privatklinik f\u00fcr Plastische Chirurgie in Wiesbaden mit langer Tradition, die bis zu den Urspr\u00fcngen der plastisch-\u00e4sthetischen Chirurgie in Deutschland zur\u00fcckreicht.","og_url":"https:\/\/parkside-plastische.de\/en\/ueber-uns\/","og_site_name":"Parkside Platic Surgery","article_modified_time":"2023-08-30T08:32:57+00:00","og_image":[{"url":"https:\/\/pspsurgery.codemeta.io\/wp-content\/uploads\/2023\/06\/02_about_us-09-1.jpg"}],"twitter_card":"summary_large_image","twitter_misc":{"Estimated reading time":"4 minutes"},"schema":{"@context":"https:\/\/schema.org","@graph":[{"@type":"WebPage","@id":"https:\/\/parkside-plastische.de\/ueber-uns\/","url":"https:\/\/parkside-plastische.de\/ueber-uns\/","name":"\u00dcber PARKSIDE | Plastische Chirurgie","isPartOf":{"@id":"https:\/\/parkside-plastische.de\/#website"},"datePublished":"2023-05-01T15:47:52+00:00","dateModified":"2023-08-30T08:32:57+00:00","description":"Die Klinik am Sonnenberg ist eine Privatklinik f\u00fcr Plastische Chirurgie in Wiesbaden mit langer Tradition, die bis zu den Urspr\u00fcngen der plastisch-\u00e4sthetischen Chirurgie in Deutschland zur\u00fcckreicht.","breadcrumb":{"@id":"https:\/\/parkside-plastische.de\/ueber-uns\/#breadcrumb"},"inLanguage":"en-GB","potentialAction":[{"@type":"ReadAction","target":["https:\/\/parkside-plastische.de\/ueber-uns\/"]}]},{"@type":"BreadcrumbList","@id":"https:\/\/parkside-plastische.de\/ueber-uns\/#breadcrumb","itemListElement":[{"@type":"ListItem","position":1,"name":"Startseite","item":"https:\/\/parkside-plastische.de\/"},{"@type":"ListItem","position":2,"name":"\u00dcber Uns"}]},{"@type":"WebSite","@id":"https:\/\/parkside-plastische.de\/#website","url":"https:\/\/parkside-plastische.de\/","name":"PARKSIDE | Plastische Chirurgie","description":"","publisher":{"@id":"https:\/\/parkside-plastische.de\/#organization"},"alternateName":"PARKSIDE","potentialAction":[{"@type":"SearchAction","target":{"@type":"EntryPoint","urlTemplate":"https:\/\/parkside-plastische.de\/?s={search_term_string}"},"query-input":"required name=search_term_string"}],"inLanguage":"en-GB"},{"@type":"Organization","@id":"https:\/\/parkside-plastische.de\/#organization","name":"PARKSIDE | Plastische Chirurgie","url":"https:\/\/parkside-plastische.de\/","logo":{"@type":"ImageObject","inLanguage":"en-GB","@id":"https:\/\/parkside-plastische.de\/#\/schema\/logo\/image\/","url":"https:\/\/parkside-plastische.de\/wp-content\/uploads\/2023\/05\/cropped-iconlogo.png","contentUrl":"https:\/\/parkside-plastische.de\/wp-content\/uploads\/2023\/05\/cropped-iconlogo.png","width":512,"height":512,"caption":"PARKSIDE | Plastische Chirurgie"},"image":{"@id":"https:\/\/parkside-plastische.de\/#\/schema\/logo\/image\/"}}]}},"_links":{"self":[{"href":"https:\/\/parkside-plastische.de\/en\/wp-json\/wp\/v2\/pages\/142","targetHints":{"allow":["GET"]}}],"collection":[{"href":"https:\/\/parkside-plastische.de\/en\/wp-json\/wp\/v2\/pages"}],"about":[{"href":"https:\/\/parkside-plastische.de\/en\/wp-json\/wp\/v2\/types\/page"}],"author":[{"embeddable":true,"href":"https:\/\/parkside-plastische.de\/en\/wp-json\/wp\/v2\/users\/1"}],"replies":[{"embeddable":true,"href":"https:\/\/parkside-plastische.de\/en\/wp-json\/wp\/v2\/comments?post=142"}],"version-history":[{"count":10,"href":"https:\/\/parkside-plastische.de\/en\/wp-json\/wp\/v2\/pages\/142\/revisions"}],"predecessor-version":[{"id":1269,"href":"https:\/\/parkside-plastische.de\/en\/wp-json\/wp\/v2\/pages\/142\/revisions\/1269"}],"wp:attachment":[{"href":"https:\/\/parkside-plastische.de\/en\/wp-json\/wp\/v2\/media?parent=142"}],"curies":[{"name":"wp","href":"https:\/\/api.w.org\/{rel}","templated":true}]}}