{"id":237,"date":"2023-06-05T09:35:35","date_gmt":"2023-06-05T07:35:35","guid":{"rendered":"https:\/\/pspsurgery.codemeta.io\/?page_id=237"},"modified":"2023-08-30T10:30:10","modified_gmt":"2023-08-30T08:30:10","slug":"perioperative-medizin","status":"publish","type":"page","link":"https:\/\/parkside-plastische.de\/en\/perioperative-medizin\/","title":{"rendered":"Peri\u00adope\u00adra\u00adti\u00adve Medi\u00adzin"},"content":{"rendered":"<div data-elementor-type=\"wp-page\" data-elementor-id=\"237\" class=\"elementor elementor-237\" data-elementor-post-type=\"page\">\n\t\t\t\t\t\t\t<div class=\"elementor-element elementor-element-3e18518 e-con-full e-flex e-con\" data-id=\"3e18518\" data-element_type=\"container\" data-settings=\"{&quot;background_background&quot;:&quot;classic&quot;,&quot;content_width&quot;:&quot;full&quot;}\">\n\t\t<div class=\"elementor-element elementor-element-0fea40d e-con-full e-flex e-con\" data-id=\"0fea40d\" data-element_type=\"container\" data-settings=\"{&quot;content_width&quot;:&quot;full&quot;}\">\n\t\t<div class=\"elementor-element elementor-element-cd95ede e-flex e-con-boxed e-con\" data-id=\"cd95ede\" data-element_type=\"container\" data-settings=\"{&quot;content_width&quot;:&quot;boxed&quot;}\">\n\t\t\t\t\t<div class=\"e-con-inner\">\n\t\t\t\t<div class=\"elementor-element elementor-element-0bf8a39 elementor-widget elementor-widget-heading\" data-id=\"0bf8a39\" data-element_type=\"widget\" data-widget_type=\"heading.default\">\n\t\t\t\t<div class=\"elementor-widget-container\">\n\t\t\t<style>\/*! elementor - v3.15.0 - 20-08-2023 *\/\n.elementor-heading-title{padding:0;margin:0;line-height:1}.elementor-widget-heading .elementor-heading-title[class*=elementor-size-]>a{color:inherit;font-size:inherit;line-height:inherit}.elementor-widget-heading .elementor-heading-title.elementor-size-small{font-size:15px}.elementor-widget-heading .elementor-heading-title.elementor-size-medium{font-size:19px}.elementor-widget-heading .elementor-heading-title.elementor-size-large{font-size:29px}.elementor-widget-heading .elementor-heading-title.elementor-size-xl{font-size:39px}.elementor-widget-heading .elementor-heading-title.elementor-size-xxl{font-size:59px}<\/style><div class=\"elementor-heading-title elementor-size-default\">Ihre  <span class=\"mark small\">Pri\u00advat\u00adkli\u00adnik in Wies\u00adba\u00adden<\/span><\/div>\t\t<\/div>\n\t\t\t\t<\/div>\n\t\t\t\t<div class=\"elementor-element elementor-element-9453d8a elementor-widget elementor-widget-heading\" data-id=\"9453d8a\" data-element_type=\"widget\" data-widget_type=\"heading.default\">\n\t\t\t\t<div class=\"elementor-widget-container\">\n\t\t\t<h1 class=\"elementor-heading-title elementor-size-default\">Perioperative Medizin<\/h1>\t\t<\/div>\n\t\t\t\t<\/div>\n\t\t\t\t\t<\/div>\n\t\t\t\t<\/div>\n\t\t\t\t<\/div>\n\t\t\t\t<\/div>\n\t\t<div class=\"elementor-element elementor-element-5970e32 e-flex e-con-boxed e-con\" data-id=\"5970e32\" data-element_type=\"container\" data-settings=\"{&quot;background_background&quot;:&quot;classic&quot;,&quot;content_width&quot;:&quot;boxed&quot;}\">\n\t\t\t\t\t<div class=\"e-con-inner\">\n\t\t<div class=\"elementor-element elementor-element-0e54f12 e-con-full e-flex e-con\" data-id=\"0e54f12\" data-element_type=\"container\" data-settings=\"{&quot;content_width&quot;:&quot;full&quot;}\">\n\t\t\t\t<div class=\"elementor-element elementor-element-00e182f elementor-widget elementor-widget-heading\" data-id=\"00e182f\" data-element_type=\"widget\" data-widget_type=\"heading.default\">\n\t\t\t\t<div class=\"elementor-widget-container\">\n\t\t\t<h2 class=\"elementor-heading-title elementor-size-default\">Perioperative Medizin: F\u00fcr\neine optimale Betreuung in\nIhrer Privatklinik Wiesbaden<\/h2>\t\t<\/div>\n\t\t\t\t<\/div>\n\t\t\t\t<div class=\"elementor-element elementor-element-b3a279d elementor-widget elementor-widget-text-editor\" data-id=\"b3a279d\" data-element_type=\"widget\" data-widget_type=\"text-editor.default\">\n\t\t\t\t<div class=\"elementor-widget-container\">\n\t\t\t<style>\/*! elementor - v3.15.0 - 20-08-2023 *\/\n.elementor-widget-text-editor.elementor-drop-cap-view-stacked .elementor-drop-cap{background-color:#69727d;color:#fff}.elementor-widget-text-editor.elementor-drop-cap-view-framed .elementor-drop-cap{color:#69727d;border:3px solid;background-color:transparent}.elementor-widget-text-editor:not(.elementor-drop-cap-view-default) .elementor-drop-cap{margin-top:8px}.elementor-widget-text-editor:not(.elementor-drop-cap-view-default) .elementor-drop-cap-letter{width:1em;height:1em}.elementor-widget-text-editor .elementor-drop-cap{float:left;text-align:center;line-height:1;font-size:50px}.elementor-widget-text-editor .elementor-drop-cap-letter{display:inline-block}<\/style>\t\t\t\t<p>F\u00fcr einen best\u00adm\u00f6g\u00adli\u00adchen Behand\u00adlungs\u00ader\u00adfolg spielt neben der Ope\u00adra\u00adti\u00adon selbst die Behand\u00adlung vor und nach dem Ein\u00adgriff (=peri\u00adope\u00adra\u00adtiv) eine wich\u00adti\u00adge Rol\u00adle. An der Kli\u00adnik am Son\u00adnen\u00adberg fin\u00adden Sie Spe\u00adzia\u00adlis\u00adten der peri\u00adope\u00adra\u00adti\u00adven Medi\u00adzin aus den Fach\u00adge\u00adbie\u00adten der Chir\u00adur\u00adgie, An\u00e4s\u00adthe\u00adsie und Inne\u00adren Medi\u00adzin unter einem Dach. Die peri\u00adope\u00adra\u00adti\u00adve Medi\u00adzin bie\u00adtet Ihnen die M\u00f6g\u00adlich\u00adkeit zur pr\u00e4\u00adope\u00adra\u00adti\u00adven Dia\u00adgnos\u00adtik und Risi\u00adko\u00adein\u00adsch\u00e4t\u00adzung vor der Ope\u00adra\u00adti\u00adon unter Ber\u00fcck\u00adsich\u00adti\u00adgung etwa\u00adiger Begleit- und Grund\u00ader\u00adkran\u00adkun\u00adgen, um Sie opti\u00admal auf Ihren Ein\u00adgriff vor\u00adzu\u00adbe\u00adrei\u00adten. Dabei k\u00f6n\u00adnen Unter\u00adsu\u00adchun\u00adgen zur wei\u00adte\u00adren Abkl\u00e4\u00adrung durch\u00adge\u00adf\u00fchrt bzw. ver\u00adan\u00adlasst wer\u00adden und die regel\u00adm\u00e4\u00ad\u00dfi\u00adge Medi\u00adka\u00admen\u00adten\u00adein\u00adnah\u00adme falls erfor\u00adder\u00adlich ange\u00adpasst wer\u00adden. Durch das glei\u00adche erfah\u00adre\u00adne Behand\u00adlungs\u00adteam wer\u00adden Sie auch nach der Ope\u00adra\u00adti\u00adon w\u00e4h\u00adrend Ihres sta\u00adtio\u00adn\u00e4\u00adren Auf\u00adent\u00adhal\u00adtes medi\u00adzi\u00adnisch betreut. Die peri\u00adope\u00adra\u00adti\u00adve Medi\u00adzin an der Kli\u00adnik am Son\u00adnen\u00adberg bie\u00adtet Ihnen somit eine kom\u00adpe\u00adten\u00adte medi\u00adzi\u00adni\u00adsche Betreu\u00adung rund um Ihren Ein\u00adgriff, um Ihren Auf\u00adent\u00adhalt kom\u00adfor\u00adta\u00adbel und mit gr\u00f6\u00dft\u00adm\u00f6g\u00adli\u00adcher Pati\u00aden\u00adten\u00adsi\u00adcher\u00adheit zu gestal\u00adten.<\/p>\t\t\t\t\t\t<\/div>\n\t\t\t\t<\/div>\n\t\t\t\t<\/div>\n\t\t<div class=\"elementor-element elementor-element-c2770cd e-con-full e-flex e-con\" data-id=\"c2770cd\" data-element_type=\"container\" data-settings=\"{&quot;content_width&quot;:&quot;full&quot;}\">\n\t\t\t\t<div class=\"elementor-element elementor-element-a83e42d elementor-widget elementor-widget-image\" data-id=\"a83e42d\" data-element_type=\"widget\" data-widget_type=\"image.default\">\n\t\t\t\t<div class=\"elementor-widget-container\">\n\t\t\t<style>\/*! elementor - v3.15.0 - 20-08-2023 *\/\n.elementor-widget-image{text-align:center}.elementor-widget-image a{display:inline-block}.elementor-widget-image a img[src$=\".svg\"]{width:48px}.elementor-widget-image img{vertical-align:middle;display:inline-block}<\/style>\t\t\t\t\t\t\t\t\t\t\t\t<img loading=\"lazy\" decoding=\"async\" width=\"674\" height=\"682\" src=\"https:\/\/parkside-plastische.de\/wp-content\/uploads\/2023\/06\/peri2.png\" class=\"attachment-large size-large wp-image-451\" alt srcset=\"https:\/\/parkside-plastische.de\/wp-content\/uploads\/2023\/06\/peri2.png 674w, https:\/\/parkside-plastische.de\/wp-content\/uploads\/2023\/06\/peri2-296x300.png 296w\" sizes=\"auto, (max-width: 674px) 100vw, 674px\">\t\t\t\t\t\t\t\t\t\t\t\t\t\t\t<\/div>\n\t\t\t\t<\/div>\n\t\t\t\t<\/div>\n\t\t\t\t\t<\/div>\n\t\t\t\t<\/div>\n\t\t\t\t\t\t\t<\/div>","protected":false},"excerpt":{"rendered":"<p>Ihre Pri\u00advat\u00adkli\u00adnik in Wies\u00adba\u00adden Peri\u00adope\u00adra\u00adti\u00adve Medi\u00adzin Peri\u00adope\u00adra\u00adti\u00adve Medi\u00adzin: F\u00fcr eine opti\u00adma\u00adle Betreu\u00adung in Ihrer Pri\u00advat\u00adkli\u00adnik Wies\u00adba\u00adden F\u00fcr einen best\u00adm\u00f6g\u00adli\u00adchen Behand\u00adlungs\u00ader\u00adfolg spielt neben der Ope\u00adra\u00adti\u00adon selbst die Behand\u00adlung vor und nach dem Ein\u00adgriff (=peri\u00adope\u00adra\u00adtiv) eine wich\u00adti\u00adge Rol\u00adle. An der Kli\u00adnik am Son\u00adnen\u00adberg fin\u00adden Sie Spe\u00adzia\u00adlis\u00adten der peri\u00adope\u00adra\u00adti\u00adven Medi\u00adzin aus den Fach\u00adge\u00adbie\u00adten der Chir\u00adur\u00adgie, An\u00e4s\u00adthe\u00adsie und Inne\u00adren \u2026 <a title=\"Perioperative Medizin\" class=\"read-more\" href=\"https:\/\/parkside-plastische.de\/en\/perioperative-medizin\/\" aria-label=\"More on Perioperative Medizin\">Read more<\/a><\/p>","protected":false},"author":1,"featured_media":0,"parent":0,"menu_order":0,"comment_status":"closed","ping_status":"closed","template":"elementor_header_footer","meta":{"wp_typography_post_enhancements_disabled":false,"_monsterinsights_skip_tracking":false,"_monsterinsights_sitenote_active":false,"_monsterinsights_sitenote_note":"","_monsterinsights_sitenote_category":0,"footnotes":""},"class_list":["post-237","page","type-page","status-publish"],"acf":[],"yoast_head":"<!-- This site is optimized with the Yoast SEO plugin v21.0 - https:\/\/yoast.com\/wordpress\/plugins\/seo\/ -->\n<title>Perioperative Medizin bei PARKSIDE | Plastische Chirurgie<\/title>\n<meta name=\"description\" content=\"Perioperative Medizin: F\u00fcr eine optimale Betreuung in Ihrer Privatklinik Wiesbaden. Die perioperative Medizin an der Klinik am Sonnenberg bietet Ihnen somit eine kompetente medizinische Betreuung rund um Ihren Eingriff, um Ihren Aufenthalt komfortabel und mit gr\u00f6\u00dftm\u00f6glicher Patientensicherheit zu gestalten.\" \/>\n<meta name=\"robots\" content=\"index, follow, max-snippet:-1, max-image-preview:large, max-video-preview:-1\" \/>\n<link rel=\"canonical\" href=\"https:\/\/parkside-plastische.de\/en\/perioperative-medizin\/\" \/>\n<meta property=\"og:locale\" content=\"en_GB\" \/>\n<meta property=\"og:type\" content=\"article\" \/>\n<meta property=\"og:title\" content=\"Perioperative Medizin bei PARKSIDE | Plastische Chirurgie\" \/>\n<meta property=\"og:description\" content=\"Perioperative Medizin: F\u00fcr eine optimale Betreuung in Ihrer Privatklinik Wiesbaden. Die perioperative Medizin an der Klinik am Sonnenberg bietet Ihnen somit eine kompetente medizinische Betreuung rund um Ihren Eingriff, um Ihren Aufenthalt komfortabel und mit gr\u00f6\u00dftm\u00f6glicher Patientensicherheit zu gestalten.\" \/>\n<meta property=\"og:url\" content=\"https:\/\/parkside-plastische.de\/en\/perioperative-medizin\/\" \/>\n<meta property=\"og:site_name\" content=\"Parkside Platic Surgery\" \/>\n<meta property=\"article:modified_time\" content=\"2023-08-30T08:30:10+00:00\" \/>\n<meta property=\"og:image\" content=\"https:\/\/pspsurgery.codemeta.io\/wp-content\/uploads\/2023\/06\/peri2.png\" \/>\n<meta name=\"twitter:card\" content=\"summary_large_image\" \/>\n<meta name=\"twitter:label1\" content=\"Estimated reading time\" \/>\n\t<meta name=\"twitter:data1\" content=\"2 minutes\" \/>\n<script type=\"application\/ld+json\" class=\"yoast-schema-graph\">{\"@context\":\"https:\/\/schema.org\",\"@graph\":[{\"@type\":\"WebPage\",\"@id\":\"https:\/\/parkside-plastische.de\/perioperative-medizin\/\",\"url\":\"https:\/\/parkside-plastische.de\/perioperative-medizin\/\",\"name\":\"Perioperative Medizin bei PARKSIDE | Plastische Chirurgie\",\"isPartOf\":{\"@id\":\"https:\/\/parkside-plastische.de\/#website\"},\"datePublished\":\"2023-06-05T07:35:35+00:00\",\"dateModified\":\"2023-08-30T08:30:10+00:00\",\"description\":\"Perioperative Medizin: F\u00fcr eine optimale Betreuung in Ihrer Privatklinik Wiesbaden. Die perioperative Medizin an der Klinik am Sonnenberg bietet Ihnen somit eine kompetente medizinische Betreuung rund um Ihren Eingriff, um Ihren Aufenthalt komfortabel und mit gr\u00f6\u00dftm\u00f6glicher Patientensicherheit zu gestalten.\",\"breadcrumb\":{\"@id\":\"https:\/\/parkside-plastische.de\/perioperative-medizin\/#breadcrumb\"},\"inLanguage\":\"en-GB\",\"potentialAction\":[{\"@type\":\"ReadAction\",\"target\":[\"https:\/\/parkside-plastische.de\/perioperative-medizin\/\"]}]},{\"@type\":\"BreadcrumbList\",\"@id\":\"https:\/\/parkside-plastische.de\/perioperative-medizin\/#breadcrumb\",\"itemListElement\":[{\"@type\":\"ListItem\",\"position\":1,\"name\":\"Startseite\",\"item\":\"https:\/\/parkside-plastische.de\/\"},{\"@type\":\"ListItem\",\"position\":2,\"name\":\"Perioperative Medizin\"}]},{\"@type\":\"WebSite\",\"@id\":\"https:\/\/parkside-plastische.de\/#website\",\"url\":\"https:\/\/parkside-plastische.de\/\",\"name\":\"PARKSIDE | Plastische Chirurgie\",\"description\":\"\",\"publisher\":{\"@id\":\"https:\/\/parkside-plastische.de\/#organization\"},\"alternateName\":\"PARKSIDE\",\"potentialAction\":[{\"@type\":\"SearchAction\",\"target\":{\"@type\":\"EntryPoint\",\"urlTemplate\":\"https:\/\/parkside-plastische.de\/?s={search_term_string}\"},\"query-input\":\"required name=search_term_string\"}],\"inLanguage\":\"en-GB\"},{\"@type\":\"Organization\",\"@id\":\"https:\/\/parkside-plastische.de\/#organization\",\"name\":\"PARKSIDE | Plastische Chirurgie\",\"url\":\"https:\/\/parkside-plastische.de\/\",\"logo\":{\"@type\":\"ImageObject\",\"inLanguage\":\"en-GB\",\"@id\":\"https:\/\/parkside-plastische.de\/#\/schema\/logo\/image\/\",\"url\":\"https:\/\/parkside-plastische.de\/wp-content\/uploads\/2023\/05\/cropped-iconlogo.png\",\"contentUrl\":\"https:\/\/parkside-plastische.de\/wp-content\/uploads\/2023\/05\/cropped-iconlogo.png\",\"width\":512,\"height\":512,\"caption\":\"PARKSIDE | Plastische Chirurgie\"},\"image\":{\"@id\":\"https:\/\/parkside-plastische.de\/#\/schema\/logo\/image\/\"}}]}<\/script>\n<!-- \/ Yoast SEO plugin. -->","yoast_head_json":{"title":"Perioperative Medizin bei PARKSIDE | Plastische Chirurgie","description":"Perioperative Medizin: F\u00fcr eine optimale Betreuung in Ihrer Privatklinik Wiesbaden. Die perioperative Medizin an der Klinik am Sonnenberg bietet Ihnen somit eine kompetente medizinische Betreuung rund um Ihren Eingriff, um Ihren Aufenthalt komfortabel und mit gr\u00f6\u00dftm\u00f6glicher Patientensicherheit zu gestalten.","robots":{"index":"index","follow":"follow","max-snippet":"max-snippet:-1","max-image-preview":"max-image-preview:large","max-video-preview":"max-video-preview:-1"},"canonical":"https:\/\/parkside-plastische.de\/en\/perioperative-medizin\/","og_locale":"en_GB","og_type":"article","og_title":"Perioperative Medizin bei PARKSIDE | Plastische Chirurgie","og_description":"Perioperative Medizin: F\u00fcr eine optimale Betreuung in Ihrer Privatklinik Wiesbaden. Die perioperative Medizin an der Klinik am Sonnenberg bietet Ihnen somit eine kompetente medizinische Betreuung rund um Ihren Eingriff, um Ihren Aufenthalt komfortabel und mit gr\u00f6\u00dftm\u00f6glicher Patientensicherheit zu gestalten.","og_url":"https:\/\/parkside-plastische.de\/en\/perioperative-medizin\/","og_site_name":"Parkside Platic Surgery","article_modified_time":"2023-08-30T08:30:10+00:00","og_image":[{"url":"https:\/\/pspsurgery.codemeta.io\/wp-content\/uploads\/2023\/06\/peri2.png"}],"twitter_card":"summary_large_image","twitter_misc":{"Estimated reading time":"2 minutes"},"schema":{"@context":"https:\/\/schema.org","@graph":[{"@type":"WebPage","@id":"https:\/\/parkside-plastische.de\/perioperative-medizin\/","url":"https:\/\/parkside-plastische.de\/perioperative-medizin\/","name":"Perioperative Medizin bei PARKSIDE | Plastische Chirurgie","isPartOf":{"@id":"https:\/\/parkside-plastische.de\/#website"},"datePublished":"2023-06-05T07:35:35+00:00","dateModified":"2023-08-30T08:30:10+00:00","description":"Perioperative Medizin: F\u00fcr eine optimale Betreuung in Ihrer Privatklinik Wiesbaden. Die perioperative Medizin an der Klinik am Sonnenberg bietet Ihnen somit eine kompetente medizinische Betreuung rund um Ihren Eingriff, um Ihren Aufenthalt komfortabel und mit gr\u00f6\u00dftm\u00f6glicher Patientensicherheit zu gestalten.","breadcrumb":{"@id":"https:\/\/parkside-plastische.de\/perioperative-medizin\/#breadcrumb"},"inLanguage":"en-GB","potentialAction":[{"@type":"ReadAction","target":["https:\/\/parkside-plastische.de\/perioperative-medizin\/"]}]},{"@type":"BreadcrumbList","@id":"https:\/\/parkside-plastische.de\/perioperative-medizin\/#breadcrumb","itemListElement":[{"@type":"ListItem","position":1,"name":"Startseite","item":"https:\/\/parkside-plastische.de\/"},{"@type":"ListItem","position":2,"name":"Perioperative Medizin"}]},{"@type":"WebSite","@id":"https:\/\/parkside-plastische.de\/#website","url":"https:\/\/parkside-plastische.de\/","name":"PARKSIDE | Plastische Chirurgie","description":"","publisher":{"@id":"https:\/\/parkside-plastische.de\/#organization"},"alternateName":"PARKSIDE","potentialAction":[{"@type":"SearchAction","target":{"@type":"EntryPoint","urlTemplate":"https:\/\/parkside-plastische.de\/?s={search_term_string}"},"query-input":"required name=search_term_string"}],"inLanguage":"en-GB"},{"@type":"Organization","@id":"https:\/\/parkside-plastische.de\/#organization","name":"PARKSIDE | Plastische Chirurgie","url":"https:\/\/parkside-plastische.de\/","logo":{"@type":"ImageObject","inLanguage":"en-GB","@id":"https:\/\/parkside-plastische.de\/#\/schema\/logo\/image\/","url":"https:\/\/parkside-plastische.de\/wp-content\/uploads\/2023\/05\/cropped-iconlogo.png","contentUrl":"https:\/\/parkside-plastische.de\/wp-content\/uploads\/2023\/05\/cropped-iconlogo.png","width":512,"height":512,"caption":"PARKSIDE | Plastische Chirurgie"},"image":{"@id":"https:\/\/parkside-plastische.de\/#\/schema\/logo\/image\/"}}]}},"_links":{"self":[{"href":"https:\/\/parkside-plastische.de\/en\/wp-json\/wp\/v2\/pages\/237","targetHints":{"allow":["GET"]}}],"collection":[{"href":"https:\/\/parkside-plastische.de\/en\/wp-json\/wp\/v2\/pages"}],"about":[{"href":"https:\/\/parkside-plastische.de\/en\/wp-json\/wp\/v2\/types\/page"}],"author":[{"embeddable":true,"href":"https:\/\/parkside-plastische.de\/en\/wp-json\/wp\/v2\/users\/1"}],"replies":[{"embeddable":true,"href":"https:\/\/parkside-plastische.de\/en\/wp-json\/wp\/v2\/comments?post=237"}],"version-history":[{"count":10,"href":"https:\/\/parkside-plastische.de\/en\/wp-json\/wp\/v2\/pages\/237\/revisions"}],"predecessor-version":[{"id":1266,"href":"https:\/\/parkside-plastische.de\/en\/wp-json\/wp\/v2\/pages\/237\/revisions\/1266"}],"wp:attachment":[{"href":"https:\/\/parkside-plastische.de\/en\/wp-json\/wp\/v2\/media?parent=237"}],"curies":[{"name":"wp","href":"https:\/\/api.w.org\/{rel}","templated":true}]}}